{"id":15064,"date":"2026-02-04T19:45:57","date_gmt":"2026-02-05T01:45:57","guid":{"rendered":"https:\/\/digicompu.com.mx\/?product=camara-ip-wireless-hd-exterior-sxt-blanca"},"modified":"2026-02-06T20:06:43","modified_gmt":"2026-02-07T02:06:43","slug":"camara-ip-wireless-hd-exterior-sxt-blanca","status":"publish","type":"product","link":"https:\/\/digicompu.com.mx\/?product=camara-ip-wireless-hd-exterior-sxt-blanca","title":{"rendered":"CAMARA IP WIRELESS HD EXTERIOR SXT BLANCA"},"content":{"rendered":"<p>Dise\u00f1o funcional<br \/>\nF\u00e1cil de instalar<br \/>\nColores reales de d\u00eda y noche<br \/>\nAlarma en tiempo real<br \/>\nTarjeta Micro SD<br \/>\nSensor de movimiento<\/p>\n<p>ontenido del Producto<br \/>\n1 C\u00e1mara Clever dog Wi-Fi<br \/>\n1 base<br \/>\n1 Cable USB<br \/>\nManual de usuario<\/p>\n<p>Especificaciones<br \/>\nMaterial:\tPl\u00e1stico ABS<br \/>\nSe<\/p>\n","protected":false},"excerpt":{"rendered":"<p>Dise\u00f1o funcional F\u00e1cil de instalar Colores reales de d\u00eda y noche Alarma en tiempo real Tarjeta Micro SD Sensor de movimiento ontenido del Producto 1 C\u00e1mara Clever dog Wi-Fi 1 base 1 Cable USB Manual de usuario Especificaciones Material: Pl\u00e1stico ABS Se<\/p>\n","protected":false},"featured_media":0,"comment_status":"closed","ping_status":"closed","template":"","meta":{"_uag_custom_page_level_css":"","site-sidebar-layout":"default","site-content-layout":"","ast-site-content-layout":"default","site-content-style":"default","site-sidebar-style":"default","ast-global-header-display":"","ast-banner-title-visibility":"","ast-main-header-display":"","ast-hfb-above-header-display":"","ast-hfb-below-header-display":"","ast-hfb-mobile-header-display":"","site-post-title":"","ast-breadcrumbs-content":"","ast-featured-img":"","footer-sml-layout":"","ast-disable-related-posts":"","theme-transparent-header-meta":"","adv-header-id-meta":"","stick-header-meta":"","header-above-stick-meta":"","header-main-stick-meta":"","header-below-stick-meta":"","astra-migrate-meta-layouts":"default","ast-page-background-enabled":"default","ast-page-background-meta":{"desktop":{"background-color":"var(--ast-global-color-4)","background-image":"","background-repeat":"repeat","background-position":"center center","background-size":"auto","background-attachment":"scroll","background-type":"","background-media":"","overlay-type":"","overlay-color":"","overlay-opacity":"","overlay-gradient":""},"tablet":{"background-color":"","background-image":"","background-repeat":"repeat","background-position":"center center","background-size":"auto","background-attachment":"scroll","background-type":"","background-media":"","overlay-type":"","overlay-color":"","overlay-opacity":"","overlay-gradient":""},"mobile":{"background-color":"","background-image":"","background-repeat":"repeat","background-position":"center center","background-size":"auto","background-attachment":"scroll","background-type":"","background-media":"","overlay-type":"","overlay-color":"","overlay-opacity":"","overlay-gradient":""}},"ast-content-background-meta":{"desktop":{"background-color":"var(--ast-global-color-5)","background-image":"","background-repeat":"repeat","background-position":"center center","background-size":"auto","background-attachment":"scroll","background-type":"","background-media":"","overlay-type":"","overlay-color":"","overlay-opacity":"","overlay-gradient":""},"tablet":{"background-color":"var(--ast-global-color-5)","background-image":"","background-repeat":"repeat","background-position":"center center","background-size":"auto","background-attachment":"scroll","background-type":"","background-media":"","overlay-type":"","overlay-color":"","overlay-opacity":"","overlay-gradient":""},"mobile":{"background-color":"var(--ast-global-color-5)","background-image":"","background-repeat":"repeat","background-position":"center center","background-size":"auto","background-attachment":"scroll","background-type":"","background-media":"","overlay-type":"","overlay-color":"","overlay-opacity":"","overlay-gradient":""}}},"product_brand":[],"product_cat":[292],"product_tag":[],"class_list":{"0":"post-15064","1":"product","2":"type-product","3":"status-publish","5":"product_cat-videovigilancia-camara-ip","6":"desktop-align-left","7":"tablet-align-left","8":"mobile-align-left","10":"first","11":"instock","12":"sale","13":"taxable","14":"shipping-taxable","15":"purchasable","16":"product-type-simple"},"uagb_featured_image_src":{"full":false,"thumbnail":false,"medium":false,"medium_large":false,"large":false,"1536x1536":false,"2048x2048":false,"woocommerce_thumbnail":false,"woocommerce_single":false,"woocommerce_gallery_thumbnail":false,"dgwt-wcas-product-suggestion":false},"uagb_author_info":{"display_name":"mxmarcoagm","author_link":"https:\/\/digicompu.com.mx\/?author=0"},"uagb_comment_info":0,"uagb_excerpt":"Dise\u00f1o funcional F\u00e1cil de instalar Colores reales de d\u00eda y noche Alarma en tiempo real Tarjeta Micro SD Sensor de movimiento ontenido del Producto 1 C\u00e1mara Clever dog Wi-Fi 1 base 1 Cable USB Manual de usuario Especificaciones Material: Pl\u00e1stico ABS Se","_links":{"self":[{"href":"https:\/\/digicompu.com.mx\/index.php?rest_route=\/wp\/v2\/product\/15064","targetHints":{"allow":["GET"]}}],"collection":[{"href":"https:\/\/digicompu.com.mx\/index.php?rest_route=\/wp\/v2\/product"}],"about":[{"href":"https:\/\/digicompu.com.mx\/index.php?rest_route=\/wp\/v2\/types\/product"}],"replies":[{"embeddable":true,"href":"https:\/\/digicompu.com.mx\/index.php?rest_route=%2Fwp%2Fv2%2Fcomments&post=15064"}],"wp:attachment":[{"href":"https:\/\/digicompu.com.mx\/index.php?rest_route=%2Fwp%2Fv2%2Fmedia&parent=15064"}],"wp:term":[{"taxonomy":"product_brand","embeddable":true,"href":"https:\/\/digicompu.com.mx\/index.php?rest_route=%2Fwp%2Fv2%2Fproduct_brand&post=15064"},{"taxonomy":"product_cat","embeddable":true,"href":"https:\/\/digicompu.com.mx\/index.php?rest_route=%2Fwp%2Fv2%2Fproduct_cat&post=15064"},{"taxonomy":"product_tag","embeddable":true,"href":"https:\/\/digicompu.com.mx\/index.php?rest_route=%2Fwp%2Fv2%2Fproduct_tag&post=15064"}],"curies":[{"name":"wp","href":"https:\/\/api.w.org\/{rel}","templated":true}]}}