{"id":14201,"date":"2026-02-04T18:47:42","date_gmt":"2026-02-05T00:47:42","guid":{"rendered":"https:\/\/digicompu.com.mx\/?product=cajon-dinero-5-billetes-8-monedas"},"modified":"2026-02-06T19:58:27","modified_gmt":"2026-02-07T01:58:27","slug":"cajon-dinero-5-billetes-8-monedas","status":"publish","type":"product","link":"https:\/\/digicompu.com.mx\/?product=cajon-dinero-5-billetes-8-monedas","title":{"rendered":"CAJON DINERO 5 BILLETES 8 MONEDAS"},"content":{"rendered":"<p>Inteligente Caj\u00f3n de dinero peque\u00f1o de trabajo pesado con rodillos met\u00e1licos<br \/>\nDise\u00f1o de carcasa met\u00e1lica sin tornillos<br \/>\nLiberaci\u00f3n de emergencia con Microswitch<br \/>\nCerrojo  para m\u00e1xima seguridad del dinero<br \/>\nFuerte estructura con rodillo de acero<br \/>\n5 BILLETES<br \/>\n8 MO<\/p>\n","protected":false},"excerpt":{"rendered":"<p>Inteligente Caj\u00f3n de dinero peque\u00f1o de trabajo pesado con rodillos met\u00e1licos Dise\u00f1o de carcasa met\u00e1lica sin tornillos Liberaci\u00f3n de emergencia con Microswitch Cerrojo para m\u00e1xima seguridad del dinero Fuerte estructura con rodillo de acero 5 BILLETES 8 MO<\/p>\n","protected":false},"featured_media":0,"comment_status":"closed","ping_status":"closed","template":"","meta":{"_uag_custom_page_level_css":"","site-sidebar-layout":"default","site-content-layout":"","ast-site-content-layout":"default","site-content-style":"default","site-sidebar-style":"default","ast-global-header-display":"","ast-banner-title-visibility":"","ast-main-header-display":"","ast-hfb-above-header-display":"","ast-hfb-below-header-display":"","ast-hfb-mobile-header-display":"","site-post-title":"","ast-breadcrumbs-content":"","ast-featured-img":"","footer-sml-layout":"","ast-disable-related-posts":"","theme-transparent-header-meta":"","adv-header-id-meta":"","stick-header-meta":"","header-above-stick-meta":"","header-main-stick-meta":"","header-below-stick-meta":"","astra-migrate-meta-layouts":"default","ast-page-background-enabled":"default","ast-page-background-meta":{"desktop":{"background-color":"var(--ast-global-color-4)","background-image":"","background-repeat":"repeat","background-position":"center center","background-size":"auto","background-attachment":"scroll","background-type":"","background-media":"","overlay-type":"","overlay-color":"","overlay-opacity":"","overlay-gradient":""},"tablet":{"background-color":"","background-image":"","background-repeat":"repeat","background-position":"center center","background-size":"auto","background-attachment":"scroll","background-type":"","background-media":"","overlay-type":"","overlay-color":"","overlay-opacity":"","overlay-gradient":""},"mobile":{"background-color":"","background-image":"","background-repeat":"repeat","background-position":"center center","background-size":"auto","background-attachment":"scroll","background-type":"","background-media":"","overlay-type":"","overlay-color":"","overlay-opacity":"","overlay-gradient":""}},"ast-content-background-meta":{"desktop":{"background-color":"var(--ast-global-color-5)","background-image":"","background-repeat":"repeat","background-position":"center center","background-size":"auto","background-attachment":"scroll","background-type":"","background-media":"","overlay-type":"","overlay-color":"","overlay-opacity":"","overlay-gradient":""},"tablet":{"background-color":"var(--ast-global-color-5)","background-image":"","background-repeat":"repeat","background-position":"center center","background-size":"auto","background-attachment":"scroll","background-type":"","background-media":"","overlay-type":"","overlay-color":"","overlay-opacity":"","overlay-gradient":""},"mobile":{"background-color":"var(--ast-global-color-5)","background-image":"","background-repeat":"repeat","background-position":"center center","background-size":"auto","background-attachment":"scroll","background-type":"","background-media":"","overlay-type":"","overlay-color":"","overlay-opacity":"","overlay-gradient":""}}},"product_brand":[],"product_cat":[101],"product_tag":[],"class_list":{"0":"post-14201","1":"product","2":"type-product","3":"status-publish","5":"product_cat-computacion-punto-de-venta","6":"desktop-align-left","7":"tablet-align-left","8":"mobile-align-left","10":"first","11":"instock","12":"sale","13":"taxable","14":"shipping-taxable","15":"purchasable","16":"product-type-simple"},"uagb_featured_image_src":{"full":false,"thumbnail":false,"medium":false,"medium_large":false,"large":false,"1536x1536":false,"2048x2048":false,"woocommerce_thumbnail":false,"woocommerce_single":false,"woocommerce_gallery_thumbnail":false,"dgwt-wcas-product-suggestion":false},"uagb_author_info":{"display_name":"mxmarcoagm","author_link":"https:\/\/digicompu.com.mx\/?author=0"},"uagb_comment_info":0,"uagb_excerpt":"Inteligente Caj\u00f3n de dinero peque\u00f1o de trabajo pesado con rodillos met\u00e1licos Dise\u00f1o de carcasa met\u00e1lica sin tornillos Liberaci\u00f3n de emergencia con Microswitch Cerrojo para m\u00e1xima seguridad del dinero Fuerte estructura con rodillo de acero 5 BILLETES 8 MO","_links":{"self":[{"href":"https:\/\/digicompu.com.mx\/index.php?rest_route=\/wp\/v2\/product\/14201","targetHints":{"allow":["GET"]}}],"collection":[{"href":"https:\/\/digicompu.com.mx\/index.php?rest_route=\/wp\/v2\/product"}],"about":[{"href":"https:\/\/digicompu.com.mx\/index.php?rest_route=\/wp\/v2\/types\/product"}],"replies":[{"embeddable":true,"href":"https:\/\/digicompu.com.mx\/index.php?rest_route=%2Fwp%2Fv2%2Fcomments&post=14201"}],"wp:attachment":[{"href":"https:\/\/digicompu.com.mx\/index.php?rest_route=%2Fwp%2Fv2%2Fmedia&parent=14201"}],"wp:term":[{"taxonomy":"product_brand","embeddable":true,"href":"https:\/\/digicompu.com.mx\/index.php?rest_route=%2Fwp%2Fv2%2Fproduct_brand&post=14201"},{"taxonomy":"product_cat","embeddable":true,"href":"https:\/\/digicompu.com.mx\/index.php?rest_route=%2Fwp%2Fv2%2Fproduct_cat&post=14201"},{"taxonomy":"product_tag","embeddable":true,"href":"https:\/\/digicompu.com.mx\/index.php?rest_route=%2Fwp%2Fv2%2Fproduct_tag&post=14201"}],"curies":[{"name":"wp","href":"https:\/\/api.w.org\/{rel}","templated":true}]}}